{"id":44,"date":"2025-01-12T01:14:59","date_gmt":"2025-01-12T00:14:59","guid":{"rendered":"http:\/\/zaszywarka.pl\/?page_id=44"},"modified":"2025-01-12T01:27:20","modified_gmt":"2025-01-12T00:27:20","slug":"kontakt","status":"publish","type":"page","link":"http:\/\/zaszywarka.pl\/?page_id=44","title":{"rendered":"Kontakt"},"content":{"rendered":"\n<iframe src=\"https:\/\/www.google.com\/maps\/embed?pb=!1m18!1m12!1m3!1d11358.41968547158!2d21.762308098140487!3d50.65147377155051!2m3!1f0!2f0!3f0!3m2!1i1024!2i768!4f13.1!3m3!1m2!1s0x4722b556f734417d%3A0xc20b88f65f21f791!2sKonkret%20Sandomierz%20Maszyny%20Pakuj%C4%85ce!5e0!3m2!1spl!2spl!4v1736641107994!5m2!1spl!2spl\" width=\"400\" height=\"300\" style=\"border:0;\" allowfullscreen=\"\" loading=\"lazy\" referrerpolicy=\"no-referrer-when-downgrade\"><\/iframe>\n\n\n\n<p><strong>Dane do faktury i adres naszej siedziby:<\/strong><br>F.P.H.U. KONKRET Magdalena R\u00f3\u017ca\u0144ska<br>27-600 Sandomierz, ul. Lwowska 45<br>NIP: 6562135582<\/p>\n\n\n\n<p><strong>Kontakt:<\/strong><br>Kom.: +48 511 257 588, +48 511 257 560<br>Zam\u00f3wienia, wysy\u0142ka, p\u0142atno\u015bci:&nbsp;<a href=\"mailto:sklep@ekonkret.pl\">sklep@ekonkret.pl<\/a><br>Zapytania, oferty:&nbsp;<a href=\"mailto:piotr@ekonkret.pl\">piotr@ekonkret.pl<\/a><\/p>\n\n\n\n<p>Pracujemy od poniedzia\u0142ku do pi\u0105tku w godz. 9:00 &#8211; 17:00<\/p>\n","protected":false},"excerpt":{"rendered":"<p>Dane do faktury i adres naszej siedziby:F.P.H.U. KONKRET Magdalena R\u00f3\u017ca\u0144ska27-600 Sandomierz, ul. Lwowska 45NIP: 6562135582 Kontakt:Kom.: +48 511 257 588, +48 511 257 560Zam\u00f3wienia, wysy\u0142ka, p\u0142atno\u015bci:&nbsp;sklep@ekonkret.plZapytania, oferty:&nbsp;piotr@ekonkret.pl Pracujemy od poniedzia\u0142ku do pi\u0105tku w godz. 9:00 &#8211; 17:00<\/p>\n","protected":false},"author":1,"featured_media":0,"parent":0,"menu_order":0,"comment_status":"closed","ping_status":"closed","template":"","meta":{"footnotes":""},"class_list":["post-44","page","type-page","status-publish","hentry"],"yoast_head":"<!-- This site is optimized with the Yoast SEO plugin v24.3 - https:\/\/yoast.com\/wordpress\/plugins\/seo\/ -->\n<title>Kontakt - ZASZYWARKA.PL<\/title>\n<meta name=\"robots\" content=\"index, follow, max-snippet:-1, max-image-preview:large, max-video-preview:-1\" \/>\n<link rel=\"canonical\" href=\"http:\/\/zaszywarka.pl\/?page_id=44\" \/>\n<meta property=\"og:locale\" content=\"pl_PL\" \/>\n<meta property=\"og:type\" content=\"article\" \/>\n<meta property=\"og:title\" content=\"Kontakt - ZASZYWARKA.PL\" \/>\n<meta property=\"og:description\" content=\"Dane do faktury i adres naszej siedziby:F.P.H.U. KONKRET Magdalena R\u00f3\u017ca\u0144ska27-600 Sandomierz, ul. Lwowska 45NIP: 6562135582 Kontakt:Kom.: +48 511 257 588, +48 511 257 560Zam\u00f3wienia, wysy\u0142ka, p\u0142atno\u015bci:&nbsp;sklep@ekonkret.plZapytania, oferty:&nbsp;piotr@ekonkret.pl Pracujemy od poniedzia\u0142ku do pi\u0105tku w godz. 9:00 &#8211; 17:00\" \/>\n<meta property=\"og:url\" content=\"http:\/\/zaszywarka.pl\/?page_id=44\" \/>\n<meta property=\"og:site_name\" content=\"ZASZYWARKA.PL\" \/>\n<meta property=\"article:modified_time\" content=\"2025-01-12T00:27:20+00:00\" \/>\n<meta name=\"twitter:card\" content=\"summary_large_image\" \/>\n<script type=\"application\/ld+json\" class=\"yoast-schema-graph\">{\"@context\":\"https:\/\/schema.org\",\"@graph\":[{\"@type\":\"WebPage\",\"@id\":\"http:\/\/zaszywarka.pl\/?page_id=44\",\"url\":\"http:\/\/zaszywarka.pl\/?page_id=44\",\"name\":\"Kontakt - ZASZYWARKA.PL\",\"isPartOf\":{\"@id\":\"https:\/\/zaszywarka.pl\/#website\"},\"datePublished\":\"2025-01-12T00:14:59+00:00\",\"dateModified\":\"2025-01-12T00:27:20+00:00\",\"breadcrumb\":{\"@id\":\"http:\/\/zaszywarka.pl\/?page_id=44#breadcrumb\"},\"inLanguage\":\"pl-PL\",\"potentialAction\":[{\"@type\":\"ReadAction\",\"target\":[\"http:\/\/zaszywarka.pl\/?page_id=44\"]}]},{\"@type\":\"BreadcrumbList\",\"@id\":\"http:\/\/zaszywarka.pl\/?page_id=44#breadcrumb\",\"itemListElement\":[{\"@type\":\"ListItem\",\"position\":1,\"name\":\"Home\",\"item\":\"https:\/\/zaszywarka.pl\/\"},{\"@type\":\"ListItem\",\"position\":2,\"name\":\"Kontakt\"}]},{\"@type\":\"WebSite\",\"@id\":\"https:\/\/zaszywarka.pl\/#website\",\"url\":\"https:\/\/zaszywarka.pl\/\",\"name\":\"ZASZYWARKA.PL\",\"description\":\"\",\"publisher\":{\"@id\":\"https:\/\/zaszywarka.pl\/#organization\"},\"potentialAction\":[{\"@type\":\"SearchAction\",\"target\":{\"@type\":\"EntryPoint\",\"urlTemplate\":\"https:\/\/zaszywarka.pl\/?s={search_term_string}\"},\"query-input\":{\"@type\":\"PropertyValueSpecification\",\"valueRequired\":true,\"valueName\":\"search_term_string\"}}],\"inLanguage\":\"pl-PL\"},{\"@type\":\"Organization\",\"@id\":\"https:\/\/zaszywarka.pl\/#organization\",\"name\":\"F.P.H.U KONKRET Magdalena R\u00f3\u017ca\u0144ska\",\"url\":\"https:\/\/zaszywarka.pl\/\",\"logo\":{\"@type\":\"ImageObject\",\"inLanguage\":\"pl-PL\",\"@id\":\"https:\/\/zaszywarka.pl\/#\/schema\/logo\/image\/\",\"url\":\"https:\/\/zaszywarka.pl\/wp-content\/uploads\/2025\/01\/20210114_105357.jpg\",\"contentUrl\":\"https:\/\/zaszywarka.pl\/wp-content\/uploads\/2025\/01\/20210114_105357.jpg\",\"width\":1608,\"height\":688,\"caption\":\"F.P.H.U KONKRET Magdalena R\u00f3\u017ca\u0144ska\"},\"image\":{\"@id\":\"https:\/\/zaszywarka.pl\/#\/schema\/logo\/image\/\"}}]}<\/script>\n<!-- \/ Yoast SEO plugin. -->","yoast_head_json":{"title":"Kontakt - ZASZYWARKA.PL","robots":{"index":"index","follow":"follow","max-snippet":"max-snippet:-1","max-image-preview":"max-image-preview:large","max-video-preview":"max-video-preview:-1"},"canonical":"http:\/\/zaszywarka.pl\/?page_id=44","og_locale":"pl_PL","og_type":"article","og_title":"Kontakt - ZASZYWARKA.PL","og_description":"Dane do faktury i adres naszej siedziby:F.P.H.U. KONKRET Magdalena R\u00f3\u017ca\u0144ska27-600 Sandomierz, ul. Lwowska 45NIP: 6562135582 Kontakt:Kom.: +48 511 257 588, +48 511 257 560Zam\u00f3wienia, wysy\u0142ka, p\u0142atno\u015bci:&nbsp;sklep@ekonkret.plZapytania, oferty:&nbsp;piotr@ekonkret.pl Pracujemy od poniedzia\u0142ku do pi\u0105tku w godz. 9:00 &#8211; 17:00","og_url":"http:\/\/zaszywarka.pl\/?page_id=44","og_site_name":"ZASZYWARKA.PL","article_modified_time":"2025-01-12T00:27:20+00:00","twitter_card":"summary_large_image","schema":{"@context":"https:\/\/schema.org","@graph":[{"@type":"WebPage","@id":"http:\/\/zaszywarka.pl\/?page_id=44","url":"http:\/\/zaszywarka.pl\/?page_id=44","name":"Kontakt - ZASZYWARKA.PL","isPartOf":{"@id":"https:\/\/zaszywarka.pl\/#website"},"datePublished":"2025-01-12T00:14:59+00:00","dateModified":"2025-01-12T00:27:20+00:00","breadcrumb":{"@id":"http:\/\/zaszywarka.pl\/?page_id=44#breadcrumb"},"inLanguage":"pl-PL","potentialAction":[{"@type":"ReadAction","target":["http:\/\/zaszywarka.pl\/?page_id=44"]}]},{"@type":"BreadcrumbList","@id":"http:\/\/zaszywarka.pl\/?page_id=44#breadcrumb","itemListElement":[{"@type":"ListItem","position":1,"name":"Home","item":"https:\/\/zaszywarka.pl\/"},{"@type":"ListItem","position":2,"name":"Kontakt"}]},{"@type":"WebSite","@id":"https:\/\/zaszywarka.pl\/#website","url":"https:\/\/zaszywarka.pl\/","name":"ZASZYWARKA.PL","description":"","publisher":{"@id":"https:\/\/zaszywarka.pl\/#organization"},"potentialAction":[{"@type":"SearchAction","target":{"@type":"EntryPoint","urlTemplate":"https:\/\/zaszywarka.pl\/?s={search_term_string}"},"query-input":{"@type":"PropertyValueSpecification","valueRequired":true,"valueName":"search_term_string"}}],"inLanguage":"pl-PL"},{"@type":"Organization","@id":"https:\/\/zaszywarka.pl\/#organization","name":"F.P.H.U KONKRET Magdalena R\u00f3\u017ca\u0144ska","url":"https:\/\/zaszywarka.pl\/","logo":{"@type":"ImageObject","inLanguage":"pl-PL","@id":"https:\/\/zaszywarka.pl\/#\/schema\/logo\/image\/","url":"https:\/\/zaszywarka.pl\/wp-content\/uploads\/2025\/01\/20210114_105357.jpg","contentUrl":"https:\/\/zaszywarka.pl\/wp-content\/uploads\/2025\/01\/20210114_105357.jpg","width":1608,"height":688,"caption":"F.P.H.U KONKRET Magdalena R\u00f3\u017ca\u0144ska"},"image":{"@id":"https:\/\/zaszywarka.pl\/#\/schema\/logo\/image\/"}}]}},"_links":{"self":[{"href":"http:\/\/zaszywarka.pl\/index.php?rest_route=\/wp\/v2\/pages\/44","targetHints":{"allow":["GET"]}}],"collection":[{"href":"http:\/\/zaszywarka.pl\/index.php?rest_route=\/wp\/v2\/pages"}],"about":[{"href":"http:\/\/zaszywarka.pl\/index.php?rest_route=\/wp\/v2\/types\/page"}],"author":[{"embeddable":true,"href":"http:\/\/zaszywarka.pl\/index.php?rest_route=\/wp\/v2\/users\/1"}],"replies":[{"embeddable":true,"href":"http:\/\/zaszywarka.pl\/index.php?rest_route=%2Fwp%2Fv2%2Fcomments&post=44"}],"version-history":[{"count":3,"href":"http:\/\/zaszywarka.pl\/index.php?rest_route=\/wp\/v2\/pages\/44\/revisions"}],"predecessor-version":[{"id":49,"href":"http:\/\/zaszywarka.pl\/index.php?rest_route=\/wp\/v2\/pages\/44\/revisions\/49"}],"wp:attachment":[{"href":"http:\/\/zaszywarka.pl\/index.php?rest_route=%2Fwp%2Fv2%2Fmedia&parent=44"}],"curies":[{"name":"wp","href":"https:\/\/api.w.org\/{rel}","templated":true}]}}